{"id":5,"date":"2021-03-01T17:51:58","date_gmt":"2021-03-01T17:51:58","guid":{"rendered":"https:\/\/infomaisperto.agrupamentoantoniosergio.pt\/?page_id=5"},"modified":"2026-02-17T11:19:12","modified_gmt":"2026-02-17T11:19:12","slug":"crie-o-seu-site-com-blocos","status":"publish","type":"page","link":"https:\/\/suporte.escolasdestantonio.edu.pt\/","title":{"rendered":"AESA &#8211; Suporte T\u00e9cnico"},"content":{"rendered":"\n<div style=\"height:34px\" aria-hidden=\"true\" class=\"wp-block-spacer\"><\/div>\n\n\n<div class=\"wp-block-image\">\n<figure class=\"aligncenter size-large\"><img loading=\"lazy\" decoding=\"async\" width=\"685\" height=\"73\" src=\"http:\/\/suporte.escolasdestantonio.edu.pt\/wp-content\/uploads\/2021\/05\/aesa.jpg\" alt=\"\" class=\"wp-image-180\" srcset=\"https:\/\/suporte.escolasdestantonio.edu.pt\/wp-content\/uploads\/2021\/05\/aesa.jpg 685w, https:\/\/suporte.escolasdestantonio.edu.pt\/wp-content\/uploads\/2021\/05\/aesa-300x32.jpg 300w\" sizes=\"auto, (max-width: 685px) 100vw, 685px\" \/><\/figure>\n<\/div>\n\n\n<h2 class=\"wp-block-heading has-text-align-center\"><strong>Plataforma de Suporte Inform\u00e1tico<\/strong><\/h2>\n\n\n\n<hr class=\"wp-block-separator has-text-color has-neve-text-color-color has-css-opacity has-neve-text-color-background-color has-background is-style-wide\"\/>\n\n\n\n<div class=\"wp-block-columns is-layout-flex wp-container-core-columns-is-layout-9d6595d7 wp-block-columns-is-layout-flex\">\n<div class=\"wp-block-column is-vertically-aligned-center is-layout-flow wp-block-column-is-layout-flow\" style=\"flex-basis:20%\"><div class=\"wp-block-image is-style-default\">\n<figure class=\"aligncenter size-full\"><img loading=\"lazy\" decoding=\"async\" width=\"512\" height=\"512\" src=\"http:\/\/suporte.escolasdestantonio.edu.pt\/wp-content\/uploads\/2021\/03\/78951.png\" alt=\"\" class=\"wp-image-66\" srcset=\"https:\/\/suporte.escolasdestantonio.edu.pt\/wp-content\/uploads\/2021\/03\/78951.png 512w, https:\/\/suporte.escolasdestantonio.edu.pt\/wp-content\/uploads\/2021\/03\/78951-300x300.png 300w, https:\/\/suporte.escolasdestantonio.edu.pt\/wp-content\/uploads\/2021\/03\/78951-150x150.png 150w\" sizes=\"auto, (max-width: 512px) 100vw, 512px\" \/><\/figure>\n<\/div><\/div>\n\n\n\n<div class=\"wp-block-column is-layout-flow wp-block-column-is-layout-flow\"><\/div>\n\n\n\n<div class=\"wp-block-column is-vertically-aligned-center is-layout-flow wp-block-column-is-layout-flow\" style=\"flex-basis:75%\">\n<p class=\"has-text-align-center\">Comunica\u00e7\u00e3o de avaria nos equipamentos inform\u00e1ticos da escola (computadores, projetores, software, etc.)<\/p>\n\n\n\n<div class=\"wp-block-buttons is-horizontal is-content-justification-center is-layout-flex wp-container-core-buttons-is-layout-499968f5 wp-block-buttons-is-layout-flex\">\n<div class=\"wp-block-button is-style-outline is-style-secondary is-style-outline--1\"><a class=\"wp-block-button__link has-nv-dark-bg-color has-nv-light-bg-background-color has-text-color has-background wp-element-button\" href=\"https:\/\/docs.google.com\/forms\/u\/1\/d\/e\/1FAIpQLSdwGzm4NIqWarMXGz4T1sAP1yxsuxc52ltcvjzxYzriUih7Eg\/viewform\"><strong>Pedido de Assist\u00eancia T\u00e9cnica para equipamentos da escola<\/strong><\/a><\/div>\n<\/div>\n<\/div>\n<\/div>\n\n\n\n<hr class=\"wp-block-separator has-text-color has-neve-text-color-color has-css-opacity has-neve-text-color-background-color has-background is-style-wide\"\/>\n\n\n\n<div class=\"wp-block-columns is-layout-flex wp-container-core-columns-is-layout-9d6595d7 wp-block-columns-is-layout-flex\">\n<div class=\"wp-block-column is-vertically-aligned-center is-layout-flow wp-block-column-is-layout-flow\" style=\"flex-basis:20%\"><div class=\"wp-block-image\">\n<figure class=\"aligncenter size-full\"><img loading=\"lazy\" decoding=\"async\" width=\"225\" height=\"225\" src=\"http:\/\/suporte.escolasdestantonio.edu.pt\/wp-content\/uploads\/2021\/03\/images-1.png\" alt=\"\" class=\"wp-image-67\" srcset=\"https:\/\/suporte.escolasdestantonio.edu.pt\/wp-content\/uploads\/2021\/03\/images-1.png 225w, https:\/\/suporte.escolasdestantonio.edu.pt\/wp-content\/uploads\/2021\/03\/images-1-150x150.png 150w\" sizes=\"auto, (max-width: 225px) 100vw, 225px\" \/><\/figure>\n<\/div><\/div>\n\n\n\n<div class=\"wp-block-column is-vertically-aligned-center is-layout-flow wp-block-column-is-layout-flow\" style=\"flex-basis:75%\">\n<p class=\"has-text-align-center\">Pedido para recupera\u00e7\u00e3o de credenciais para acesso \u00e0 rede da escola e\/ou email institucional de alunos<\/p>\n\n\n\n<div class=\"wp-block-buttons is-horizontal is-content-justification-center is-layout-flex wp-container-core-buttons-is-layout-499968f5 wp-block-buttons-is-layout-flex\">\n<div class=\"wp-block-button is-style-outline is-style-secondary is-style-outline--2\"><a class=\"wp-block-button__link has-nv-dark-bg-color has-nv-light-bg-background-color has-text-color has-background wp-element-button\" href=\"https:\/\/script.google.com\/a\/macros\/escolasdestantonio.edu.pt\/s\/AKfycbwMgTtiwm0zAMBDxxr5vUqo44oBXEgAS9LI5VIqxRFZIT78WT6TmL-CbuWWW9z-Qzl-8Q\/exec\"><strong>Recupera\u00e7\u00e3o e\/ou Cria\u00e7\u00e3o de EI e rede de Alunos<\/strong><\/a><\/div>\n<\/div>\n<\/div>\n<\/div>\n\n\n\n<hr class=\"wp-block-separator has-text-color has-neve-text-color-color has-css-opacity has-neve-text-color-background-color has-background is-style-wide\"\/>\n\n\n\n<div class=\"wp-block-columns is-layout-flex wp-container-core-columns-is-layout-9d6595d7 wp-block-columns-is-layout-flex\">\n<div class=\"wp-block-column is-vertically-aligned-center is-layout-flow wp-block-column-is-layout-flow\" style=\"flex-basis:20%\"><div class=\"wp-block-image\">\n<figure class=\"aligncenter size-full\"><img loading=\"lazy\" decoding=\"async\" width=\"180\" height=\"180\" src=\"https:\/\/suporte.escolasdestantonio.edu.pt\/wp-content\/uploads\/2026\/02\/m365_2.jpg\" alt=\"\" class=\"wp-image-205\" srcset=\"https:\/\/suporte.escolasdestantonio.edu.pt\/wp-content\/uploads\/2026\/02\/m365_2.jpg 180w, https:\/\/suporte.escolasdestantonio.edu.pt\/wp-content\/uploads\/2026\/02\/m365_2-150x150.jpg 150w\" sizes=\"auto, (max-width: 180px) 100vw, 180px\" \/><\/figure>\n<\/div><\/div>\n\n\n\n<div class=\"wp-block-column is-vertically-aligned-center is-layout-flow wp-block-column-is-layout-flow\" style=\"flex-basis:75%\">\n<p class=\"has-text-align-center\">Pedido para cria\u00e7\u00e3o de conta para acesso ao Office 365 Online para professores e\/ou alunos<\/p>\n\n\n\n<div class=\"wp-block-buttons is-horizontal is-content-justification-center is-layout-flex wp-container-core-buttons-is-layout-499968f5 wp-block-buttons-is-layout-flex\">\n<div class=\"wp-block-button is-style-outline is-style-secondary is-style-outline--3\"><a class=\"wp-block-button__link has-nv-dark-bg-color has-nv-light-bg-background-color has-text-color has-background wp-element-button\" href=\"https:\/\/forms.gle\/exJCYqi4AiZ37xf67\"><strong>CRIA\u00c7\u00c3O DE CONTA PARA UTILIZAR O OFFICE 365 ONLINE<\/strong><\/a><\/div>\n<\/div>\n<\/div>\n<\/div>\n\n\n\n<hr class=\"wp-block-separator has-text-color has-neve-text-color-color has-css-opacity has-neve-text-color-background-color has-background is-style-wide\"\/>\n\n\n\n<div class=\"wp-block-columns is-layout-flex wp-container-core-columns-is-layout-9d6595d7 wp-block-columns-is-layout-flex\">\n<div class=\"wp-block-column is-vertically-aligned-center is-layout-flow wp-block-column-is-layout-flow\" style=\"flex-basis:20%\"><div class=\"wp-block-image\">\n<figure class=\"aligncenter size-full\"><img loading=\"lazy\" decoding=\"async\" width=\"200\" height=\"200\" src=\"http:\/\/suporte.escolasdestantonio.edu.pt\/wp-content\/uploads\/2021\/04\/icone_professor.png\" alt=\"\" class=\"wp-image-172\" srcset=\"https:\/\/suporte.escolasdestantonio.edu.pt\/wp-content\/uploads\/2021\/04\/icone_professor.png 200w, https:\/\/suporte.escolasdestantonio.edu.pt\/wp-content\/uploads\/2021\/04\/icone_professor-150x150.png 150w\" sizes=\"auto, (max-width: 200px) 100vw, 200px\" \/><\/figure>\n<\/div><\/div>\n\n\n\n<div class=\"wp-block-column is-vertically-aligned-center is-layout-flow wp-block-column-is-layout-flow\" style=\"flex-basis:75%\">\n<p class=\"has-text-align-center\">Pedido para recupera\u00e7\u00e3o de credenciais para acesso \u00e0 rede da escola e\/ou email institucional de <strong>professores<\/strong>, por favor envie um email para: <\/p>\n\n\n<div class=\"wp-block-image\">\n<figure class=\"aligncenter size-full\"><img loading=\"lazy\" decoding=\"async\" width=\"311\" height=\"36\" src=\"https:\/\/suporte.escolasdestantonio.edu.pt\/wp-content\/uploads\/2023\/01\/suportetic.png\" alt=\"\" class=\"wp-image-192\" srcset=\"https:\/\/suporte.escolasdestantonio.edu.pt\/wp-content\/uploads\/2023\/01\/suportetic.png 311w, https:\/\/suporte.escolasdestantonio.edu.pt\/wp-content\/uploads\/2023\/01\/suportetic-300x35.png 300w\" sizes=\"auto, (max-width: 311px) 100vw, 311px\" \/><\/figure>\n<\/div><\/div>\n<\/div>\n\n\n\n<hr class=\"wp-block-separator has-text-color has-neve-text-color-color has-css-opacity has-neve-text-color-background-color has-background is-style-wide\"\/>\n\n\n\n<p class=\"has-text-align-center has-neve-text-color-color has-text-color\" style=\"font-size:14px\"><strong><a href=\"http:\/\/genium.com.pt\/\">by Genium IT.Solutions &#8211; v1.0<\/a><\/strong><\/p>\n","protected":false},"excerpt":{"rendered":"<p>Plataforma de Suporte Inform\u00e1tico Comunica\u00e7\u00e3o de avaria nos equipamentos inform\u00e1ticos da escola (computadores, projetores, software, etc.) Pedido para recupera\u00e7\u00e3o de credenciais para acesso \u00e0 rede da escola e\/ou email institucional de alunos Pedido para cria\u00e7\u00e3o de conta para acesso ao Office 365 Online para professores e\/ou alunos Pedido para recupera\u00e7\u00e3o de credenciais para acesso \u00e0&hellip;&nbsp;<a href=\"https:\/\/suporte.escolasdestantonio.edu.pt\/\" class=\"\" rel=\"bookmark\">Read More &raquo;<span class=\"screen-reader-text\">AESA &#8211; Suporte T\u00e9cnico<\/span><\/a><\/p>\n","protected":false},"author":1,"featured_media":0,"parent":0,"menu_order":0,"comment_status":"closed","ping_status":"closed","template":"","meta":{"neve_meta_sidebar":"","neve_meta_container":"","neve_meta_enable_content_width":"","neve_meta_content_width":0,"neve_meta_title_alignment":"","neve_meta_author_avatar":"","neve_post_elements_order":"","neve_meta_disable_header":"on","neve_meta_disable_footer":"","neve_meta_disable_title":"on","footnotes":""},"class_list":["post-5","page","type-page","status-publish","hentry"],"_links":{"self":[{"href":"https:\/\/suporte.escolasdestantonio.edu.pt\/index.php?rest_route=\/wp\/v2\/pages\/5","targetHints":{"allow":["GET"]}}],"collection":[{"href":"https:\/\/suporte.escolasdestantonio.edu.pt\/index.php?rest_route=\/wp\/v2\/pages"}],"about":[{"href":"https:\/\/suporte.escolasdestantonio.edu.pt\/index.php?rest_route=\/wp\/v2\/types\/page"}],"author":[{"embeddable":true,"href":"https:\/\/suporte.escolasdestantonio.edu.pt\/index.php?rest_route=\/wp\/v2\/users\/1"}],"replies":[{"embeddable":true,"href":"https:\/\/suporte.escolasdestantonio.edu.pt\/index.php?rest_route=%2Fwp%2Fv2%2Fcomments&post=5"}],"version-history":[{"count":99,"href":"https:\/\/suporte.escolasdestantonio.edu.pt\/index.php?rest_route=\/wp\/v2\/pages\/5\/revisions"}],"predecessor-version":[{"id":206,"href":"https:\/\/suporte.escolasdestantonio.edu.pt\/index.php?rest_route=\/wp\/v2\/pages\/5\/revisions\/206"}],"wp:attachment":[{"href":"https:\/\/suporte.escolasdestantonio.edu.pt\/index.php?rest_route=%2Fwp%2Fv2%2Fmedia&parent=5"}],"curies":[{"name":"wp","href":"https:\/\/api.w.org\/{rel}","templated":true}]}}